{"id":1933,"date":"2022-01-17T06:06:19","date_gmt":"2022-01-17T09:06:19","guid":{"rendered":"https:\/\/demosites.royal-elementor-addons.com\/winebar-v1\/?page_id=7"},"modified":"2025-04-17T11:51:28","modified_gmt":"2025-04-17T14:51:28","slug":"home-winebar-v1","status":"publish","type":"page","link":"https:\/\/massadopadre.com\/","title":{"rendered":"Home"},"content":{"rendered":"\t\t<div data-elementor-type=\"wp-page\" data-elementor-id=\"1933\" class=\"elementor elementor-1933\">\n\t\t\t\t\t\t<section class=\"elementor-section elementor-top-section elementor-element elementor-element-9bd1d80 elementor-section-full_width elementor-section-height-default elementor-section-height-default wpr-particle-no wpr-jarallax-no wpr-parallax-no wpr-sticky-section-no\" data-id=\"9bd1d80\" data-element_type=\"section\">\n\t\t\t\t\t\t<div class=\"elementor-container elementor-column-gap-no\">\n\t\t\t\t\t<div class=\"elementor-column elementor-col-100 elementor-top-column elementor-element elementor-element-eaf5ca1\" data-id=\"eaf5ca1\" data-element_type=\"column\">\n\t\t\t<div class=\"elementor-widget-wrap elementor-element-populated\">\n\t\t\t\t\t\t<div class=\"elementor-element elementor-element-1342747 wpr-adv-slider-columns-1 wpr-adv-slider-columns--tablet1 wpr-adv-slider-columns--mobile1 wpr-adv-slides-to-scroll-1 wpr-slider-dots-horizontal elementor-widget elementor-widget-wpr-advanced-slider\" data-id=\"1342747\" data-element_type=\"widget\" data-settings=\"{&quot;slider_amount&quot;:1,&quot;slider_amount_tablet&quot;:1,&quot;slider_amount_mobile&quot;:1,&quot;slides_to_scroll&quot;:1,&quot;slider_hide_video_content&quot;:&quot;yes&quot;,&quot;slider_video_btn_size&quot;:&quot;medium&quot;}\" data-widget_type=\"wpr-advanced-slider.default\">\n\t\t\t\t<div class=\"elementor-widget-container\">\n\t\t\t\t\t\n\t\t<!-- Advanced Slider -->\n\t\t<div class=\"wpr-advanced-slider-wrap\">\n\t\t\t\n\t\t\t<div class=\"wpr-advanced-slider\" dir=\"ltr\" data-slick=\"{&quot;rtl&quot;:false,&quot;infinite&quot;:false,&quot;speed&quot;:700,&quot;arrows&quot;:true,&quot;dots&quot;:true,&quot;autoplay&quot;:false,&quot;autoplaySpeed&quot;:1000,&quot;pauseOnHover&quot;:&quot;&quot;,&quot;prevArrow&quot;:&quot;#wpr-slider-prev-1342747&quot;,&quot;nextArrow&quot;:&quot;#wpr-slider-next-1342747&quot;,&quot;vertical&quot;:false,&quot;adaptiveHeight&quot;:true}\" data-hide-video-content=\"yes\" data-video-btn-size=\"{&quot;widescreen&quot;:&quot;medium&quot;,&quot;desktop&quot;:&quot;medium&quot;,&quot;laptop&quot;:&quot;medium&quot;,&quot;tablet_extra&quot;:&quot;medium&quot;,&quot;tablet&quot;:&quot;medium&quot;,&quot;mobile_extra&quot;:&quot;medium&quot;,&quot;mobile&quot;:&quot;medium&quot;}\" data-slide-effect=\"slide\">\n\t\t\t\t<div class=\"wpr-slider-item elementor-repeater-item-e1c182c\"><div class=\"wpr-slider-item-bg \" style=\"background-image: url(https:\/\/massadopadre.com\/wp-content\/uploads\/2025\/01\/IMG_7576-scaled.jpg)\"><\/div><div class=\"wpr-slider-item-overlay\"><\/div><div class=\"wpr-cv-container\"><div class=\"wpr-cv-outer\"><div class=\"wpr-cv-inner\"><div class=\"wpr-slider-content\"><div class=\"wpr-slider-title\"><h2>O Sabor Artesanal <br>Que Eleva Sua Cozinha<\/h2><\/div><div class=\"wpr-slider-sub-title\"><h3>\u00c9 de comer Rezando<\/h3><\/div><div class=\"wpr-slider-btns\"><a class=\"wpr-slider-primary-btn\" href=\"https:\/\/wa.me\/551144182337?text=Ol%C3%A1%2C%20vim%20pelo%20site%20e%20gostaria%20de%20falar%20com%20um%20atendente!\">Fazer pedido<\/a><\/div><\/div><\/div><\/div><\/div><\/div>\t\t\t<\/div>\n\t\t\t<div class=\"wpr-slider-controls\">\n\t\t\t\t<div class=\"wpr-slider-dots\"><\/div>\n\t\t\t<\/div>\n\n\t\t\t<div class=\"wpr-slider-arrow-container\">\n\t\t\t\t<div class=\"wpr-slider-prev-arrow wpr-slider-arrow\" id=\"wpr-slider-prev-1342747\">\n\t\t\t\t\t\t\t\t\t<\/div>\n\t\t\t\t<div class=\"wpr-slider-next-arrow wpr-slider-arrow\" id=\"wpr-slider-next-1342747\">\n\t\t\t\t\t\t\t\t\t<\/div>\n\t\t\t<\/div>\n\t\t\t\n\t\t\t\n\t\t<\/div>\n\t\t\t\t\t\t<\/div>\n\t\t\t\t<\/div>\n\t\t\t\t\t<\/div>\n\t\t<\/div>\n\t\t\t\t\t<\/div>\n\t\t<\/section>\n\t\t\t\t<section class=\"elementor-section elementor-top-section elementor-element elementor-element-404d5b4 elementor-section-boxed elementor-section-height-default elementor-section-height-default wpr-particle-no wpr-jarallax-no wpr-parallax-no wpr-sticky-section-no\" data-id=\"404d5b4\" data-element_type=\"section\" id=\"sobre\" data-settings=\"{&quot;background_background&quot;:&quot;classic&quot;}\">\n\t\t\t\t\t\t<div class=\"elementor-container elementor-column-gap-default\">\n\t\t\t\t\t<div class=\"elementor-column elementor-col-50 elementor-top-column elementor-element elementor-element-5c1c698\" data-id=\"5c1c698\" data-element_type=\"column\">\n\t\t\t<div class=\"elementor-widget-wrap elementor-element-populated\">\n\t\t\t\t\t\t<div class=\"elementor-element elementor-element-83da8fd elementor-widget elementor-widget-image\" data-id=\"83da8fd\" data-element_type=\"widget\" data-widget_type=\"image.default\">\n\t\t\t\t<div class=\"elementor-widget-container\">\n\t\t\t\t\t\t\t\t\t\t\t\t\t\t\t<img fetchpriority=\"high\" decoding=\"async\" width=\"960\" height=\"720\" src=\"https:\/\/massadopadre.com\/wp-content\/uploads\/2025\/01\/IMG_7807-1-Photoroom-1024x768.png\" class=\"attachment-large size-large wp-image-1993\" alt=\"\" srcset=\"https:\/\/massadopadre.com\/wp-content\/uploads\/2025\/01\/IMG_7807-1-Photoroom-1024x768.png 1024w, https:\/\/massadopadre.com\/wp-content\/uploads\/2025\/01\/IMG_7807-1-Photoroom-300x225.png 300w, https:\/\/massadopadre.com\/wp-content\/uploads\/2025\/01\/IMG_7807-1-Photoroom-768x576.png 768w, https:\/\/massadopadre.com\/wp-content\/uploads\/2025\/01\/IMG_7807-1-Photoroom.png 1280w\" sizes=\"(max-width: 960px) 100vw, 960px\" \/>\t\t\t\t\t\t\t\t\t\t\t\t\t\t\t<\/div>\n\t\t\t\t<\/div>\n\t\t\t\t\t<\/div>\n\t\t<\/div>\n\t\t\t\t<div class=\"elementor-column elementor-col-50 elementor-top-column elementor-element elementor-element-b12cd84\" data-id=\"b12cd84\" data-element_type=\"column\">\n\t\t\t<div class=\"elementor-widget-wrap elementor-element-populated\">\n\t\t\t\t\t\t<div class=\"elementor-element elementor-element-0b07e82 elementor-widget elementor-widget-heading\" data-id=\"0b07e82\" data-element_type=\"widget\" data-widget_type=\"heading.default\">\n\t\t\t\t<div class=\"elementor-widget-container\">\n\t\t\t\t\t<h2 class=\"elementor-heading-title elementor-size-default\">Sobre n\u00f3s<\/h2>\t\t\t\t<\/div>\n\t\t\t\t<\/div>\n\t\t\t\t<div class=\"elementor-element elementor-element-3754d99 elementor-widget elementor-widget-heading\" data-id=\"3754d99\" data-element_type=\"widget\" data-widget_type=\"heading.default\">\n\t\t\t\t<div class=\"elementor-widget-container\">\n\t\t\t\t\t<h2 class=\"elementor-heading-title elementor-size-default\">Da Tradi\u00e7\u00e3o Artesanal <br>para a Alta Gastronomia<\/h2>\t\t\t\t<\/div>\n\t\t\t\t<\/div>\n\t\t\t\t<div class=\"elementor-element elementor-element-a0c798f elementor-widget elementor-widget-text-editor\" data-id=\"a0c798f\" data-element_type=\"widget\" data-widget_type=\"text-editor.default\">\n\t\t\t\t<div class=\"elementor-widget-container\">\n\t\t\t\t\t\t\t\t\t<p>Na <strong>Massa do Padre<\/strong>, transformamos tradi\u00e7\u00e3o e qualidade em verdadeiras experi\u00eancias gastron\u00f4micas. Cada uma de nossas massas \u00e9 cuidadosamente elaborada \u00e0 m\u00e3o, seguindo receitas artesanais e utilizando apenas os melhores ingredientes, garantindo frescor, sabor e uma apresenta\u00e7\u00e3o impec\u00e1vel.<\/p><p>Nosso compromisso \u00e9 atender aos paladares mais exigentes, fornecendo produtos que elevam a culin\u00e1ria de restaurantes e hot\u00e9is de alto padr\u00e3o. Desde <strong>raviolis recheados com ingredientes exclusivos<\/strong> at\u00e9 <strong>fettuccines de textura perfeita<\/strong>, cada detalhe \u00e9 pensado para impressionar.<\/p><p>Com inspira\u00e7\u00e3o na rica tradi\u00e7\u00e3o italiana e um toque contempor\u00e2neo, somos parceiros de chefs renomados e estabelecimentos que buscam encantar seus clientes com o melhor da alta gastronomia.<\/p>\t\t\t\t\t\t\t\t<\/div>\n\t\t\t\t<\/div>\n\t\t\t\t\t<\/div>\n\t\t<\/div>\n\t\t\t\t\t<\/div>\n\t\t<\/section>\n\t\t\t\t<section class=\"elementor-section elementor-top-section elementor-element elementor-element-221ff68 elementor-section-full_width elementor-section-height-default elementor-section-height-default wpr-particle-no wpr-jarallax-no wpr-parallax-no wpr-sticky-section-no\" data-id=\"221ff68\" data-element_type=\"section\">\n\t\t\t\t\t\t<div class=\"elementor-container elementor-column-gap-no\">\n\t\t\t\t\t<div class=\"elementor-column elementor-col-50 elementor-top-column elementor-element elementor-element-1868aae\" data-id=\"1868aae\" data-element_type=\"column\">\n\t\t\t<div class=\"elementor-widget-wrap elementor-element-populated\">\n\t\t\t\t\t\t<div class=\"elementor-element elementor-element-f1e7660 wpr-promo-box-style-cover elementor-widget elementor-widget-wpr-promo-box\" data-id=\"f1e7660\" data-element_type=\"widget\" data-widget_type=\"wpr-promo-box.default\">\n\t\t\t\t<div class=\"elementor-widget-container\">\n\t\t\t\t\t\n\t\t<div class=\"wpr-promo-box wpr-animation-wrap\">\n\n\t\t\t\t\t\t\t\n\t\t\t\t\t\t\t<div class=\"wpr-promo-box-image\">\n\t\t\t\t\t<div class=\"wpr-promo-box-bg-image wpr-bg-anim-zoom-in wpr-anim-timing-ease-default\" style=\"background-image:url(https:\/\/massadopadre.com\/wp-content\/uploads\/2025\/01\/ADB87E5F-6772-4A87-AD5A-90176BD68592-scaled.jpg);\"><\/div>\n\t\t\t\t\t<div class=\"wpr-promo-box-bg-overlay wpr-border-anim-oscar\"><\/div>\n\t\t\t\t<\/div>\n\t\t\t\t\t\t\n\t\t\t<div class=\"wpr-promo-box-content\">\n\n\t\t\t\t\t\t\t\t<div class=\"wpr-promo-box-icon\">\n\t\t\t\t\t\t\t\t\t<\/div>\n\t\t\t\t\n\t\t\t\t<h3 class=\"wpr-promo-box-title\"><span>Ver card\u00e1pio<\/span><\/h3>\n\t\t\t\t\t\t\t\t\t<div class=\"wpr-promo-box-description\">\n\t\t\t\t\t\t<p><p>Massas exclusivas, feitas \u00e0 m\u00e3o com ingredientes premium e dedica\u00e7\u00e3o, projetadas para encantar os melhores paladares em hot\u00e9is e restaurantes de luxo.<\/p><\/p>\t\n\t\t\t\t\t<\/div>\t\t\t\t\t\t\n\t\t\t\t\n\t\t\t\t\t\t\t\t\t<div class=\"wpr-promo-box-btn-wrap\">\n\t\t\t\t\t\t<a class=\"wpr-promo-box-btn\" href=\"https:\/\/wa.me\/551144182337?text=Ol%C3%A1%2C%20vim%20pelo%20site%20e%20gostaria%20de%20falar%20com%20um%20atendente!\">\n\n\t\t\t\t\t\t\t\t\t\t\t\t\t\t<span class=\"wpr-promo-box-btn-text\">Ver Card\u00e1pio<\/span>\t\t\n\t\t\t\t\t\t\t\n\t\t\t\t\t\t\t\t\t\t\t\t\t<\/a>\n\t\t\t\t\t<\/div>\t\n\t\t\t\t\t\t\t<\/div>\n\n\t\t\t\t\t<\/div>\n\n\t\t\t\t\t\t<\/div>\n\t\t\t\t<\/div>\n\t\t\t\t\t<\/div>\n\t\t<\/div>\n\t\t\t\t<div class=\"elementor-column elementor-col-50 elementor-top-column elementor-element elementor-element-f022eea\" data-id=\"f022eea\" data-element_type=\"column\">\n\t\t\t<div class=\"elementor-widget-wrap elementor-element-populated\">\n\t\t\t\t\t\t<div class=\"elementor-element elementor-element-49122d1 wpr-promo-box-style-cover elementor-widget elementor-widget-wpr-promo-box\" data-id=\"49122d1\" data-element_type=\"widget\" data-widget_type=\"wpr-promo-box.default\">\n\t\t\t\t<div class=\"elementor-widget-container\">\n\t\t\t\t\t\n\t\t<div class=\"wpr-promo-box wpr-animation-wrap\">\n\n\t\t\t\t\t\t\t\n\t\t\t\t\t\t\t<div class=\"wpr-promo-box-image\">\n\t\t\t\t\t<div class=\"wpr-promo-box-bg-image wpr-bg-anim-zoom-in wpr-anim-timing-ease-default\" style=\"background-image:url(https:\/\/massadopadre.com\/wp-content\/uploads\/2025\/01\/15B8A603-3054-4C58-9E31-D3524C382205-scaled.jpg);\"><\/div>\n\t\t\t\t\t<div class=\"wpr-promo-box-bg-overlay wpr-border-anim-oscar\"><\/div>\n\t\t\t\t<\/div>\n\t\t\t\t\t\t\n\t\t\t<div class=\"wpr-promo-box-content\">\n\n\t\t\t\t\t\t\t\t<div class=\"wpr-promo-box-icon\">\n\t\t\t\t\t\t\t\t\t<\/div>\n\t\t\t\t\n\t\t\t\t<h3 class=\"wpr-promo-box-title\"><span>Fale conosco<\/span><\/h3>\n\t\t\t\t\t\t\t\t\t<div class=\"wpr-promo-box-description\">\n\t\t\t\t\t\t<p><p>Entre em contato com a <strong>Massa do Padre<\/strong> e descubra como podemos levar o sabor da alta gastronomia para o seu restaurante ou hotel.<\/p><\/p>\t\n\t\t\t\t\t<\/div>\t\t\t\t\t\t\n\t\t\t\t\n\t\t\t\t\t\t\t\t\t<div class=\"wpr-promo-box-btn-wrap\">\n\t\t\t\t\t\t<a class=\"wpr-promo-box-btn\" href=\"https:\/\/wa.me\/551144182337?text=Ol%C3%A1%2C%20vim%20pelo%20site%20e%20gostaria%20de%20falar%20com%20um%20atendente!\">\n\n\t\t\t\t\t\t\t\t\t\t\t\t\t\t<span class=\"wpr-promo-box-btn-text\">Falar com atendente<\/span>\t\t\n\t\t\t\t\t\t\t\n\t\t\t\t\t\t\t\t\t\t\t\t\t<\/a>\n\t\t\t\t\t<\/div>\t\n\t\t\t\t\t\t\t<\/div>\n\n\t\t\t\t\t<\/div>\n\n\t\t\t\t\t\t<\/div>\n\t\t\t\t<\/div>\n\t\t\t\t\t<\/div>\n\t\t<\/div>\n\t\t\t\t\t<\/div>\n\t\t<\/section>\n\t\t\t\t<\/div>\n\t\t","protected":false},"excerpt":{"rendered":"<p>O Sabor Artesanal Que Eleva Sua Cozinha \u00c9 de comer Rezando Fazer pedido Sobre n\u00f3s Da Tradi\u00e7\u00e3o Artesanal para a Alta Gastronomia Na Massa do Padre, transformamos tradi\u00e7\u00e3o e qualidade em verdadeiras experi\u00eancias gastron\u00f4micas. Cada uma de nossas massas \u00e9 cuidadosamente elaborada \u00e0 m\u00e3o, seguindo receitas artesanais e utilizando apenas os melhores ingredientes, garantindo frescor, sabor e uma apresenta\u00e7\u00e3o impec\u00e1vel. Nosso compromisso \u00e9 atender aos paladares mais exigentes, fornecendo produtos que elevam a culin\u00e1ria de restaurantes e hot\u00e9is de alto padr\u00e3o. Desde raviolis recheados com ingredientes exclusivos at\u00e9 fettuccines de textura perfeita, cada detalhe \u00e9 pensado para impressionar. Com inspira\u00e7\u00e3o na rica tradi\u00e7\u00e3o italiana e um toque contempor\u00e2neo, somos parceiros de chefs renomados e estabelecimentos que buscam encantar seus clientes com o melhor da alta gastronomia. Ver card\u00e1pio Massas exclusivas, feitas \u00e0 m\u00e3o com ingredientes premium e dedica\u00e7\u00e3o, projetadas para encantar os melhores paladares em hot\u00e9is e restaurantes de luxo. Ver Card\u00e1pio Fale conosco Entre em contato com a Massa do Padre e descubra como podemos levar o sabor da alta gastronomia para o seu restaurante ou hotel. Falar com atendente<\/p>\n","protected":false},"author":1,"featured_media":0,"parent":0,"menu_order":0,"comment_status":"closed","ping_status":"closed","template":"elementor_canvas","meta":{"footnotes":""},"class_list":["post-1933","page","type-page","status-publish","hentry"],"_links":{"self":[{"href":"https:\/\/massadopadre.com\/index.php?rest_route=\/wp\/v2\/pages\/1933","targetHints":{"allow":["GET"]}}],"collection":[{"href":"https:\/\/massadopadre.com\/index.php?rest_route=\/wp\/v2\/pages"}],"about":[{"href":"https:\/\/massadopadre.com\/index.php?rest_route=\/wp\/v2\/types\/page"}],"author":[{"embeddable":true,"href":"https:\/\/massadopadre.com\/index.php?rest_route=\/wp\/v2\/users\/1"}],"replies":[{"embeddable":true,"href":"https:\/\/massadopadre.com\/index.php?rest_route=%2Fwp%2Fv2%2Fcomments&post=1933"}],"version-history":[{"count":84,"href":"https:\/\/massadopadre.com\/index.php?rest_route=\/wp\/v2\/pages\/1933\/revisions"}],"predecessor-version":[{"id":2069,"href":"https:\/\/massadopadre.com\/index.php?rest_route=\/wp\/v2\/pages\/1933\/revisions\/2069"}],"wp:attachment":[{"href":"https:\/\/massadopadre.com\/index.php?rest_route=%2Fwp%2Fv2%2Fmedia&parent=1933"}],"curies":[{"name":"wp","href":"https:\/\/api.w.org\/{rel}","templated":true}]}}